{"id":48,"date":"2024-10-17T11:32:55","date_gmt":"2024-10-17T16:32:55","guid":{"rendered":"https:\/\/leninvega.iemtapolicarpasalavarrieta.cloud\/?page_id=48"},"modified":"2024-10-23T18:16:34","modified_gmt":"2024-10-23T23:16:34","slug":"que-quieres-ser-y-que-puedo-ser","status":"publish","type":"page","link":"https:\/\/leninvega.iemtapolicarpasalavarrieta.cloud\/index.php\/que-quieres-ser-y-que-puedo-ser\/","title":{"rendered":"Que quieres ser y que puedo ser"},"content":{"rendered":"\n<figure class=\"wp-block-image size-full\"><img loading=\"lazy\" decoding=\"async\" width=\"183\" height=\"148\" src=\"https:\/\/leninvega.iemtapolicarpasalavarrieta.cloud\/wp-content\/uploads\/2024\/10\/image.png\" alt=\"\" class=\"wp-image-61\"\/><\/figure>\n\n\n\n<p>Lo que quiero ser es ser Ingeniero en Sistema y Computaci\u00f3n ya que se van creando bases de datos de informaci\u00f3n de empresa o informaci\u00f3n valiosa que se puede asegurar para optimizar los diferentes datos producidos por una empresa. Dise\u00f1ar y crear nuevos software y hardware para agilizar el proceso y resultados de una empresa o organizaci\u00f3n que te pueda contratar para que tu hagas eso software y los protejas por datos que informaci\u00f3n que tenga en jefe encargado.<\/p>\n\n\n\n<figure class=\"wp-block-image size-full\"><img loading=\"lazy\" decoding=\"async\" width=\"275\" height=\"183\" src=\"https:\/\/leninvega.iemtapolicarpasalavarrieta.cloud\/wp-content\/uploads\/2024\/10\/Imagen-de-WhatsApp-2024-10-23-a-las-17.53.05_a4983497.jpg\" alt=\"\" class=\"wp-image-63\"\/><\/figure>\n\n\n\n<p>Lo que puedo ser es ser una personas que ame los videos juegos ya que seo se basa en configurar tu juego y el manejo que le vas dando a los videojuego y tambi\u00e9n se crea varias informaci\u00f3n de de los juegos ya visto o configurar eso videojuegos se puede hacer muchas cosas con los juegos ya investigar los juegos y que tenga diferente forma de crear los juegos <\/p>\n\n\n\n<figure class=\"wp-block-embed is-type-video is-provider-youtube wp-block-embed-youtube wp-embed-aspect-16-9 wp-has-aspect-ratio\"><div class=\"wp-block-embed__wrapper\">\n<p class=\"responsive-video-wrap clr\"><iframe loading=\"lazy\" title=\"Qu\u00e9 es la Ingenier\u00eda en Sistemas? \ud83d\udcbb \u2013 Qu\u00e9 hace un ingeniero en sistemas?\" width=\"1200\" height=\"675\" src=\"https:\/\/www.youtube.com\/embed\/hgitkRjrUuY?feature=oembed\" frameborder=\"0\" allow=\"accelerometer; autoplay; clipboard-write; encrypted-media; gyroscope; picture-in-picture; web-share\" referrerpolicy=\"strict-origin-when-cross-origin\" allowfullscreen><\/iframe><\/p>\n<\/div><figcaption class=\"wp-element-caption\">El video se trata que es ser un Ingeniero en Sistema y Computaci\u00f3n <\/figcaption><\/figure>\n\n\n\n<p><\/p>\n\n\n\n<figure class=\"wp-block-embed is-type-video is-provider-youtube wp-block-embed-youtube wp-embed-aspect-16-9 wp-has-aspect-ratio\"><div class=\"wp-block-embed__wrapper\">\n<p class=\"responsive-video-wrap clr\"><iframe loading=\"lazy\" title=\"Funciones de un Ingeniero de Sistemas\" width=\"1200\" height=\"675\" src=\"https:\/\/www.youtube.com\/embed\/Uk0G8c3ImA4?feature=oembed\" frameborder=\"0\" allow=\"accelerometer; autoplay; clipboard-write; encrypted-media; gyroscope; picture-in-picture; web-share\" referrerpolicy=\"strict-origin-when-cross-origin\" allowfullscreen><\/iframe><\/p>\n<\/div><figcaption class=\"wp-element-caption\">Este video se trata las funciones de ser un Ingeniero en Sistema y Computaci\u00f3n y como se puede unir con los videojuegos<\/figcaption><\/figure>\n\n\n\n<p><\/p>\n","protected":false},"excerpt":{"rendered":"<p>Lo que quiero ser es ser Ingeniero en Sistema y Computaci\u00f3n ya que se van creando bases de datos de informaci\u00f3n de empresa o informaci\u00f3n valiosa que se puede asegurar para optimizar los diferentes datos producidos por una empresa. Dise\u00f1ar y crear nuevos software y hardware para agilizar el proceso y resultados de una empresa [&hellip;]<\/p>\n","protected":false},"author":1,"featured_media":0,"parent":0,"menu_order":0,"comment_status":"closed","ping_status":"closed","template":"","meta":{"footnotes":""},"class_list":["post-48","page","type-page","status-publish","hentry","entry"],"_links":{"self":[{"href":"https:\/\/leninvega.iemtapolicarpasalavarrieta.cloud\/index.php\/wp-json\/wp\/v2\/pages\/48"}],"collection":[{"href":"https:\/\/leninvega.iemtapolicarpasalavarrieta.cloud\/index.php\/wp-json\/wp\/v2\/pages"}],"about":[{"href":"https:\/\/leninvega.iemtapolicarpasalavarrieta.cloud\/index.php\/wp-json\/wp\/v2\/types\/page"}],"author":[{"embeddable":true,"href":"https:\/\/leninvega.iemtapolicarpasalavarrieta.cloud\/index.php\/wp-json\/wp\/v2\/users\/1"}],"replies":[{"embeddable":true,"href":"https:\/\/leninvega.iemtapolicarpasalavarrieta.cloud\/index.php\/wp-json\/wp\/v2\/comments?post=48"}],"version-history":[{"count":4,"href":"https:\/\/leninvega.iemtapolicarpasalavarrieta.cloud\/index.php\/wp-json\/wp\/v2\/pages\/48\/revisions"}],"predecessor-version":[{"id":66,"href":"https:\/\/leninvega.iemtapolicarpasalavarrieta.cloud\/index.php\/wp-json\/wp\/v2\/pages\/48\/revisions\/66"}],"wp:attachment":[{"href":"https:\/\/leninvega.iemtapolicarpasalavarrieta.cloud\/index.php\/wp-json\/wp\/v2\/media?parent=48"}],"curies":[{"name":"wp","href":"https:\/\/api.w.org\/{rel}","templated":true}]}}